{"id":1590,"date":"2018-01-31T12:35:50","date_gmt":"2018-01-31T11:35:50","guid":{"rendered":"http:\/\/www.europechemicon.de\/?page_id=1590"},"modified":"2023-09-07T09:15:52","modified_gmt":"2023-09-07T07:15:52","slug":"stellenanzeigen","status":"publish","type":"page","link":"https:\/\/www.europechemicon.de\/en\/stellenanzeigen\/","title":{"rendered":"Job ads"},"content":{"rendered":"<h1>Job ads<\/h1>\n<p><!--&nbsp;\n\n\n<h2><strong>What we offer<\/strong>:<\/h2>\n\n\n\n\n<ul>\n \t\n\n<li>einen sicheren Arbeitsplatz, bei dem Sie Ihre F\u00e4higkeiten immer wieder aufs Neue beweisen k\u00f6nnen und so gemeinsam mit unserem motivierten Team wachsen k\u00f6nnen<\/li>\n\n\n \t\n\n<li>die w\u00f6chentliche Arbeitszeit betr\u00e4gt 38,5 Stunden<\/li>\n\n\n \t\n\n<li>sollten \u00dcberstunden anfallen, werden diese mit einem Zuschlag von 25% verg\u00fctet<\/li>\n\n\n \t\n\n<li>30 Tage Urlaub<\/li>\n\n\n \t\n\n<li>Urlaubs- und Weihnachtsgeld<\/li>\n\n\n \t\n\n<li>verm\u00f6genswirksame Leistungen<\/li>\n\n\n \t\n\n<li>betriebliche Unfallversicherung<\/li>\n\n\n \t\n\n<li>Zusch\u00fcsse zur Altersversorgung<\/li>\n\n\n<\/ul>\n\n\n\n\n\n<hr \/>\n\n\n--><br \/>\n<a class=\"anwendungsbeispiele-box\" href=\"\/wp-content\/uploads\/Inserat_Vertriebsmitarbeiter_Outside_Sales_2023.pdf\" target=\"_blank\" rel=\"noopener noreferrer\">Vertriebsmitarbeiter &#8211; Outside Sales (m\/w\/d)<\/a>","protected":false},"excerpt":{"rendered":"<p>Job ads Vertriebsmitarbeiter &#8211; Outside Sales (m\/w\/d)<\/p>\n","protected":false},"author":18,"featured_media":0,"parent":0,"menu_order":0,"comment_status":"closed","ping_status":"closed","template":"under-sites.php","meta":{"_acf_changed":false,"footnotes":""},"class_list":["post-1590","page","type-page","status-publish","hentry"],"acf":[],"yoast_head":"<!-- This site is optimized with the Yoast SEO plugin v27.5 - https:\/\/yoast.com\/product\/yoast-seo-wordpress\/ -->\n<title>Job ads - EUROPE CHEMI-CON<\/title>\n<meta name=\"robots\" content=\"index, follow, max-snippet:-1, max-image-preview:large, max-video-preview:-1\" \/>\n<link rel=\"canonical\" href=\"https:\/\/www.europechemicon.de\/stellenanzeigen\/\" \/>\n<meta property=\"og:locale\" content=\"en_US\" \/>\n<meta property=\"og:type\" content=\"article\" \/>\n<meta property=\"og:title\" content=\"Job ads - EUROPE CHEMI-CON\" \/>\n<meta property=\"og:description\" content=\"Job ads Vertriebsmitarbeiter &#8211; Outside Sales (m\/w\/d)\" \/>\n<meta property=\"og:url\" content=\"https:\/\/www.europechemicon.de\/stellenanzeigen\/\" \/>\n<meta property=\"og:site_name\" content=\"EUROPE CHEMI-CON\" \/>\n<meta property=\"article:modified_time\" content=\"2023-09-07T07:15:52+00:00\" \/>\n<meta name=\"twitter:card\" content=\"summary_large_image\" \/>\n<meta name=\"twitter:label1\" content=\"Est. reading time\" \/>\n\t<meta name=\"twitter:data1\" content=\"1 minute\" \/>\n<script type=\"application\/ld+json\" class=\"yoast-schema-graph\">{\"@context\":\"https:\\\/\\\/schema.org\",\"@graph\":[{\"@type\":\"WebPage\",\"@id\":\"https:\\\/\\\/www.europechemicon.de\\\/stellenanzeigen\\\/\",\"url\":\"https:\\\/\\\/www.europechemicon.de\\\/stellenanzeigen\\\/\",\"name\":\"Job ads - EUROPE CHEMI-CON\",\"isPartOf\":{\"@id\":\"https:\\\/\\\/www.europechemicon.de\\\/#website\"},\"datePublished\":\"2018-01-31T11:35:50+00:00\",\"dateModified\":\"2023-09-07T07:15:52+00:00\",\"breadcrumb\":{\"@id\":\"https:\\\/\\\/www.europechemicon.de\\\/stellenanzeigen\\\/#breadcrumb\"},\"inLanguage\":\"en-US\",\"potentialAction\":[{\"@type\":\"ReadAction\",\"target\":[\"https:\\\/\\\/www.europechemicon.de\\\/stellenanzeigen\\\/\"]}]},{\"@type\":\"BreadcrumbList\",\"@id\":\"https:\\\/\\\/www.europechemicon.de\\\/stellenanzeigen\\\/#breadcrumb\",\"itemListElement\":[{\"@type\":\"ListItem\",\"position\":1,\"name\":\"Home\",\"item\":\"https:\\\/\\\/www.europechemicon.de\\\/\"},{\"@type\":\"ListItem\",\"position\":2,\"name\":\"Stellenanzeigen\"}]},{\"@type\":\"WebSite\",\"@id\":\"https:\\\/\\\/www.europechemicon.de\\\/#website\",\"url\":\"https:\\\/\\\/www.europechemicon.de\\\/\",\"name\":\"EUROPE CHEMI-CON\",\"description\":\"\",\"potentialAction\":[{\"@type\":\"SearchAction\",\"target\":{\"@type\":\"EntryPoint\",\"urlTemplate\":\"https:\\\/\\\/www.europechemicon.de\\\/?s={search_term_string}\"},\"query-input\":{\"@type\":\"PropertyValueSpecification\",\"valueRequired\":true,\"valueName\":\"search_term_string\"}}],\"inLanguage\":\"en-US\"}]}<\/script>\n<!-- \/ Yoast SEO plugin. -->","yoast_head_json":{"title":"Job ads - EUROPE CHEMI-CON","robots":{"index":"index","follow":"follow","max-snippet":"max-snippet:-1","max-image-preview":"max-image-preview:large","max-video-preview":"max-video-preview:-1"},"canonical":"https:\/\/www.europechemicon.de\/stellenanzeigen\/","og_locale":"en_US","og_type":"article","og_title":"Job ads - EUROPE CHEMI-CON","og_description":"Job ads Vertriebsmitarbeiter &#8211; Outside Sales (m\/w\/d)","og_url":"https:\/\/www.europechemicon.de\/stellenanzeigen\/","og_site_name":"EUROPE CHEMI-CON","article_modified_time":"2023-09-07T07:15:52+00:00","twitter_card":"summary_large_image","twitter_misc":{"Est. reading time":"1 minute"},"schema":{"@context":"https:\/\/schema.org","@graph":[{"@type":"WebPage","@id":"https:\/\/www.europechemicon.de\/stellenanzeigen\/","url":"https:\/\/www.europechemicon.de\/stellenanzeigen\/","name":"Job ads - EUROPE CHEMI-CON","isPartOf":{"@id":"https:\/\/www.europechemicon.de\/#website"},"datePublished":"2018-01-31T11:35:50+00:00","dateModified":"2023-09-07T07:15:52+00:00","breadcrumb":{"@id":"https:\/\/www.europechemicon.de\/stellenanzeigen\/#breadcrumb"},"inLanguage":"en-US","potentialAction":[{"@type":"ReadAction","target":["https:\/\/www.europechemicon.de\/stellenanzeigen\/"]}]},{"@type":"BreadcrumbList","@id":"https:\/\/www.europechemicon.de\/stellenanzeigen\/#breadcrumb","itemListElement":[{"@type":"ListItem","position":1,"name":"Home","item":"https:\/\/www.europechemicon.de\/"},{"@type":"ListItem","position":2,"name":"Stellenanzeigen"}]},{"@type":"WebSite","@id":"https:\/\/www.europechemicon.de\/#website","url":"https:\/\/www.europechemicon.de\/","name":"EUROPE CHEMI-CON","description":"","potentialAction":[{"@type":"SearchAction","target":{"@type":"EntryPoint","urlTemplate":"https:\/\/www.europechemicon.de\/?s={search_term_string}"},"query-input":{"@type":"PropertyValueSpecification","valueRequired":true,"valueName":"search_term_string"}}],"inLanguage":"en-US"}]}},"post_mailing_queue_ids":[],"_links":{"self":[{"href":"https:\/\/www.europechemicon.de\/en\/wp-json\/wp\/v2\/pages\/1590","targetHints":{"allow":["GET"]}}],"collection":[{"href":"https:\/\/www.europechemicon.de\/en\/wp-json\/wp\/v2\/pages"}],"about":[{"href":"https:\/\/www.europechemicon.de\/en\/wp-json\/wp\/v2\/types\/page"}],"author":[{"embeddable":true,"href":"https:\/\/www.europechemicon.de\/en\/wp-json\/wp\/v2\/users\/18"}],"replies":[{"embeddable":true,"href":"https:\/\/www.europechemicon.de\/en\/wp-json\/wp\/v2\/comments?post=1590"}],"version-history":[{"count":84,"href":"https:\/\/www.europechemicon.de\/en\/wp-json\/wp\/v2\/pages\/1590\/revisions"}],"predecessor-version":[{"id":3134,"href":"https:\/\/www.europechemicon.de\/en\/wp-json\/wp\/v2\/pages\/1590\/revisions\/3134"}],"wp:attachment":[{"href":"https:\/\/www.europechemicon.de\/en\/wp-json\/wp\/v2\/media?parent=1590"}],"curies":[{"name":"wp","href":"https:\/\/api.w.org\/{rel}","templated":true}]}}