{"id":5,"date":"2017-01-23T16:26:10","date_gmt":"2017-01-23T15:26:10","guid":{"rendered":"http:\/\/migrate.europechemicon.de\/?page_id=5"},"modified":"2025-08-19T10:31:20","modified_gmt":"2025-08-19T08:31:20","slug":"ueber-uns","status":"publish","type":"page","link":"https:\/\/www.europechemicon.de\/en\/ueber-uns\/","title":{"rendered":"About us"},"content":{"rendered":"<h1>About us<\/h1>\n<div class=\"row\">\n<div class=\"col-md-6\">\n<img loading=\"lazy\" decoding=\"async\" class=\"alignnone wp-image-933 size-full\" title=\"Europe Chemi-Con (Deutschland) GmbH\" src=\"https:\/\/www.europechemicon.de\/wp-content\/uploads\/ECC_Aussenansicht_verkleinert.jpg\" alt=\"Europe Chemi-Con Company building exterior view\" width=\"4608\" height=\"3456\" \/><br \/>\n<\/div>\n<div class=\"col-md-6\">\n<p><strong>Europe Chemi-Con (Deutschland) GmbH<\/strong>, located in Nuremberg, Germany, is the European subsidiary company of the Japan-based Nippon Chemi-Con Corp. As such, it is one of the world\u00b4s largest manufacturers of aluminum electrolytic capacitors. Europe Chemi-Con, which now has 80 highly skilled employees, has been exclusively entrusted with the distribution of Nippon Chemi-Con products for more than three decades.<\/p>\n<\/div>\n<\/div>\n<hr \/>\n<div id=\"idTextPanel\" class=\"jqDnR\">\n<p>The Nuremberg facility is ideal in terms of logistics. The combination of a seamless cooperation with national and international transport companies, together with the city&#8217;s excellent  infrastructure \u2013 including an airport, inland port, and rail freight transport \u2013 promotes optimal expedition, resulting in the exceptional customer satisfaction of our European customers, and beyond.<\/p>\n<h3>The Chemi-Con difference<\/h3>\n<p>Quality. Service. Flexibility. And expertise you can count on. With an extensively trained workforce in Germany, and highly qualified engineers in Japan, our clients are informed and involved, throughout the manufacturing process. The end result is not just any customer-oriented solution, but a custom-made solution which can be implemented logistically. Customized IT-solutions can also be launched on short notice, both within the group and for European solutions locally.<\/p>\n<p>At the Europe Chemi-Con (Deutschland) GmbH, we take pride in the continued success of our customers, and that&#8217;s reflected in our continuous sales growth. This is also a direct result of our well-established European distributor network. And there&#8217;s no end in sight. The continuous development of the electronic and electric field, driven by E-mobility, \u201cIndustrie 4.0\u201d etc, will have a positive impact on the  Europe Chemi-Con (Deutschland) GmbH  business for years to come.<\/p>\n<\/div>","protected":false},"excerpt":{"rendered":"<p>About us The Nuremberg facility is ideal in terms of logistics. The combination of a seamless cooperation with national and international transport companies, together with the city&#8217;s excellent infrastructure \u2013 including an airport, inland port, and rail freight transport \u2013 promotes optimal expedition, resulting in the exceptional customer satisfaction of our European customers, and beyond. [&hellip;]<\/p>\n","protected":false},"author":18,"featured_media":0,"parent":0,"menu_order":0,"comment_status":"closed","ping_status":"closed","template":"under-sites.php","meta":{"_acf_changed":false,"footnotes":""},"class_list":["post-5","page","type-page","status-publish","hentry"],"acf":[],"yoast_head":"<!-- This site is optimized with the Yoast SEO plugin v27.4 - https:\/\/yoast.com\/product\/yoast-seo-wordpress\/ -->\n<title>About us - EUROPE CHEMI-CON<\/title>\n<meta name=\"description\" content=\"EUROPE CHEMI-CON Wir \u00fcber uns - Lernen Sie uns besser kennen, auf dieser Seite m\u00f6chten wir Ihnen kurz ein wenig \u00fcber uns erz\u00e4hlen.\" \/>\n<meta name=\"robots\" content=\"index, follow, max-snippet:-1, max-image-preview:large, max-video-preview:-1\" \/>\n<link rel=\"canonical\" href=\"https:\/\/www.europechemicon.de\/ueber-uns\/\" \/>\n<meta property=\"og:locale\" content=\"en_US\" \/>\n<meta property=\"og:type\" content=\"article\" \/>\n<meta property=\"og:title\" content=\"About us - EUROPE CHEMI-CON\" \/>\n<meta property=\"og:description\" content=\"{:en}EUROPE CHEMI-CON Wir \u00fcber uns - Lernen Sie uns besser kennen, auf dieser Seite m\u00f6chten wir Ihnen kurz ein wenig \u00fcber uns erz\u00e4hlen. {:}\" \/>\n<meta property=\"og:url\" content=\"https:\/\/www.europechemicon.de\/ueber-uns\/\" \/>\n<meta property=\"og:site_name\" content=\"EUROPE CHEMI-CON\" \/>\n<meta property=\"article:modified_time\" content=\"2025-08-19T08:31:20+00:00\" \/>\n<meta name=\"twitter:card\" content=\"summary_large_image\" \/>\n<meta name=\"twitter:label1\" content=\"Est. reading time\" \/>\n\t<meta name=\"twitter:data1\" content=\"4 minutes\" \/>\n<script type=\"application\/ld+json\" class=\"yoast-schema-graph\">{\"@context\":\"https:\\\/\\\/schema.org\",\"@graph\":[{\"@type\":\"WebPage\",\"@id\":\"https:\\\/\\\/www.europechemicon.de\\\/ueber-uns\\\/\",\"url\":\"https:\\\/\\\/www.europechemicon.de\\\/ueber-uns\\\/\",\"name\":\"About us - EUROPE CHEMI-CON\",\"isPartOf\":{\"@id\":\"https:\\\/\\\/www.europechemicon.de\\\/#website\"},\"primaryImageOfPage\":{\"@id\":\"https:\\\/\\\/www.europechemicon.de\\\/ueber-uns\\\/#primaryimage\"},\"image\":{\"@id\":\"https:\\\/\\\/www.europechemicon.de\\\/ueber-uns\\\/#primaryimage\"},\"thumbnailUrl\":\"https:\\\/\\\/www.europechemicon.de\\\/wp-content\\\/uploads\\\/ECC_Aussenansicht_verkleinert.jpg\",\"datePublished\":\"2017-01-23T15:26:10+00:00\",\"dateModified\":\"2025-08-19T08:31:20+00:00\",\"description\":\"{:en}EUROPE CHEMI-CON Wir \u00fcber uns - Lernen Sie uns besser kennen, auf dieser Seite m\u00f6chten wir Ihnen kurz ein wenig \u00fcber uns erz\u00e4hlen. {:}\",\"breadcrumb\":{\"@id\":\"https:\\\/\\\/www.europechemicon.de\\\/ueber-uns\\\/#breadcrumb\"},\"inLanguage\":\"en-US\",\"potentialAction\":[{\"@type\":\"ReadAction\",\"target\":[\"https:\\\/\\\/www.europechemicon.de\\\/ueber-uns\\\/\"]}]},{\"@type\":\"ImageObject\",\"inLanguage\":\"en-US\",\"@id\":\"https:\\\/\\\/www.europechemicon.de\\\/ueber-uns\\\/#primaryimage\",\"url\":\"https:\\\/\\\/www.europechemicon.de\\\/wp-content\\\/uploads\\\/ECC_Aussenansicht_verkleinert.jpg\",\"contentUrl\":\"https:\\\/\\\/www.europechemicon.de\\\/wp-content\\\/uploads\\\/ECC_Aussenansicht_verkleinert.jpg\"},{\"@type\":\"BreadcrumbList\",\"@id\":\"https:\\\/\\\/www.europechemicon.de\\\/ueber-uns\\\/#breadcrumb\",\"itemListElement\":[{\"@type\":\"ListItem\",\"position\":1,\"name\":\"Home\",\"item\":\"https:\\\/\\\/www.europechemicon.de\\\/\"},{\"@type\":\"ListItem\",\"position\":2,\"name\":\"\u00dcber uns\"}]},{\"@type\":\"WebSite\",\"@id\":\"https:\\\/\\\/www.europechemicon.de\\\/#website\",\"url\":\"https:\\\/\\\/www.europechemicon.de\\\/\",\"name\":\"EUROPE CHEMI-CON\",\"description\":\"\",\"potentialAction\":[{\"@type\":\"SearchAction\",\"target\":{\"@type\":\"EntryPoint\",\"urlTemplate\":\"https:\\\/\\\/www.europechemicon.de\\\/?s={search_term_string}\"},\"query-input\":{\"@type\":\"PropertyValueSpecification\",\"valueRequired\":true,\"valueName\":\"search_term_string\"}}],\"inLanguage\":\"en-US\"}]}<\/script>\n<!-- \/ Yoast SEO plugin. -->","yoast_head_json":{"title":"About us - EUROPE CHEMI-CON","description":"EUROPE CHEMI-CON Wir \u00fcber uns - Lernen Sie uns besser kennen, auf dieser Seite m\u00f6chten wir Ihnen kurz ein wenig \u00fcber uns erz\u00e4hlen.","robots":{"index":"index","follow":"follow","max-snippet":"max-snippet:-1","max-image-preview":"max-image-preview:large","max-video-preview":"max-video-preview:-1"},"canonical":"https:\/\/www.europechemicon.de\/ueber-uns\/","og_locale":"en_US","og_type":"article","og_title":"About us - EUROPE CHEMI-CON","og_description":"{:en}EUROPE CHEMI-CON Wir \u00fcber uns - Lernen Sie uns besser kennen, auf dieser Seite m\u00f6chten wir Ihnen kurz ein wenig \u00fcber uns erz\u00e4hlen. {:}","og_url":"https:\/\/www.europechemicon.de\/ueber-uns\/","og_site_name":"EUROPE CHEMI-CON","article_modified_time":"2025-08-19T08:31:20+00:00","twitter_card":"summary_large_image","twitter_misc":{"Est. reading time":"4 minutes"},"schema":{"@context":"https:\/\/schema.org","@graph":[{"@type":"WebPage","@id":"https:\/\/www.europechemicon.de\/ueber-uns\/","url":"https:\/\/www.europechemicon.de\/ueber-uns\/","name":"About us - EUROPE CHEMI-CON","isPartOf":{"@id":"https:\/\/www.europechemicon.de\/#website"},"primaryImageOfPage":{"@id":"https:\/\/www.europechemicon.de\/ueber-uns\/#primaryimage"},"image":{"@id":"https:\/\/www.europechemicon.de\/ueber-uns\/#primaryimage"},"thumbnailUrl":"https:\/\/www.europechemicon.de\/wp-content\/uploads\/ECC_Aussenansicht_verkleinert.jpg","datePublished":"2017-01-23T15:26:10+00:00","dateModified":"2025-08-19T08:31:20+00:00","description":"{:en}EUROPE CHEMI-CON Wir \u00fcber uns - Lernen Sie uns besser kennen, auf dieser Seite m\u00f6chten wir Ihnen kurz ein wenig \u00fcber uns erz\u00e4hlen. {:}","breadcrumb":{"@id":"https:\/\/www.europechemicon.de\/ueber-uns\/#breadcrumb"},"inLanguage":"en-US","potentialAction":[{"@type":"ReadAction","target":["https:\/\/www.europechemicon.de\/ueber-uns\/"]}]},{"@type":"ImageObject","inLanguage":"en-US","@id":"https:\/\/www.europechemicon.de\/ueber-uns\/#primaryimage","url":"https:\/\/www.europechemicon.de\/wp-content\/uploads\/ECC_Aussenansicht_verkleinert.jpg","contentUrl":"https:\/\/www.europechemicon.de\/wp-content\/uploads\/ECC_Aussenansicht_verkleinert.jpg"},{"@type":"BreadcrumbList","@id":"https:\/\/www.europechemicon.de\/ueber-uns\/#breadcrumb","itemListElement":[{"@type":"ListItem","position":1,"name":"Home","item":"https:\/\/www.europechemicon.de\/"},{"@type":"ListItem","position":2,"name":"\u00dcber uns"}]},{"@type":"WebSite","@id":"https:\/\/www.europechemicon.de\/#website","url":"https:\/\/www.europechemicon.de\/","name":"EUROPE CHEMI-CON","description":"","potentialAction":[{"@type":"SearchAction","target":{"@type":"EntryPoint","urlTemplate":"https:\/\/www.europechemicon.de\/?s={search_term_string}"},"query-input":{"@type":"PropertyValueSpecification","valueRequired":true,"valueName":"search_term_string"}}],"inLanguage":"en-US"}]}},"post_mailing_queue_ids":[],"_links":{"self":[{"href":"https:\/\/www.europechemicon.de\/en\/wp-json\/wp\/v2\/pages\/5","targetHints":{"allow":["GET"]}}],"collection":[{"href":"https:\/\/www.europechemicon.de\/en\/wp-json\/wp\/v2\/pages"}],"about":[{"href":"https:\/\/www.europechemicon.de\/en\/wp-json\/wp\/v2\/types\/page"}],"author":[{"embeddable":true,"href":"https:\/\/www.europechemicon.de\/en\/wp-json\/wp\/v2\/users\/18"}],"replies":[{"embeddable":true,"href":"https:\/\/www.europechemicon.de\/en\/wp-json\/wp\/v2\/comments?post=5"}],"version-history":[{"count":66,"href":"https:\/\/www.europechemicon.de\/en\/wp-json\/wp\/v2\/pages\/5\/revisions"}],"predecessor-version":[{"id":3208,"href":"https:\/\/www.europechemicon.de\/en\/wp-json\/wp\/v2\/pages\/5\/revisions\/3208"}],"wp:attachment":[{"href":"https:\/\/www.europechemicon.de\/en\/wp-json\/wp\/v2\/media?parent=5"}],"curies":[{"name":"wp","href":"https:\/\/api.w.org\/{rel}","templated":true}]}}